{"id":8413,"date":"2023-08-23T16:26:31","date_gmt":"2023-08-23T16:26:31","guid":{"rendered":"https:\/\/argarom.com\/?post_type=product&#038;p=8413"},"modified":"2024-01-04T12:33:34","modified_gmt":"2024-01-04T12:33:34","slug":"huile-ricin","status":"publish","type":"product","link":"https:\/\/argarom.com\/en\/product\/huile-ricin\/","title":{"rendered":"Huile de ricin"},"content":{"rendered":"<p>Anti ride stimulant le collag\u00e8ne, anti t\u00e2che brunes, cernes ,acn\u00e9, fortifiant, repousse et augmentant volume: cheveux, Cils, sourcils, barbe.<\/p>\n","protected":false},"excerpt":{"rendered":"<p>Anti ride stimulant le collag\u00e8ne, anti t\u00e2che brunes, cernes ,acn\u00e9, fortifiant, repousse et augmentant volume: cheveux, Cils, sourcils, barbe.<\/p>\n","protected":false},"featured_media":8414,"comment_status":"open","ping_status":"closed","template":"","meta":{"inline_featured_image":false},"product_cat":[303,302],"product_tag":[],"class_list":{"0":"post-8413","1":"product","2":"type-product","3":"status-publish","4":"has-post-thumbnail","6":"product_cat-huiles-vegetales","7":"product_cat-huiles-vegetales-essentielles","9":"first","10":"instock","11":"shipping-taxable","12":"purchasable","13":"product-type-simple"},"_links":{"self":[{"href":"https:\/\/argarom.com\/en\/wp-json\/wp\/v2\/product\/8413","targetHints":{"allow":["GET"]}}],"collection":[{"href":"https:\/\/argarom.com\/en\/wp-json\/wp\/v2\/product"}],"about":[{"href":"https:\/\/argarom.com\/en\/wp-json\/wp\/v2\/types\/product"}],"replies":[{"embeddable":true,"href":"https:\/\/argarom.com\/en\/wp-json\/wp\/v2\/comments?post=8413"}],"wp:featuredmedia":[{"embeddable":true,"href":"https:\/\/argarom.com\/en\/wp-json\/wp\/v2\/media\/8414"}],"wp:attachment":[{"href":"https:\/\/argarom.com\/en\/wp-json\/wp\/v2\/media?parent=8413"}],"wp:term":[{"taxonomy":"product_cat","embeddable":true,"href":"https:\/\/argarom.com\/en\/wp-json\/wp\/v2\/product_cat?post=8413"},{"taxonomy":"product_tag","embeddable":true,"href":"https:\/\/argarom.com\/en\/wp-json\/wp\/v2\/product_tag?post=8413"}],"curies":[{"name":"wp","href":"https:\/\/api.w.org\/{rel}","templated":true}]}}