{"id":6656,"date":"2023-03-09T17:56:04","date_gmt":"2023-03-09T17:56:04","guid":{"rendered":"https:\/\/argarom.com\/?post_type=product&#038;p=6656"},"modified":"2025-03-21T18:37:55","modified_gmt":"2025-03-21T18:37:55","slug":"savon-argan-lavande","status":"publish","type":"product","link":"https:\/\/argarom.com\/en\/product\/savon-argan-lavande\/","title":{"rendered":"Savon argan &amp; lavande"},"content":{"rendered":"<p align=\"left\">Souvent appel\u00e9e &#8220;or liquide&#8221;, l&#8217;huile d&#8217;argan est produite \u00e0 partir des noyaux du fruit de l&#8217;arganier, qui pousse uniquement au Maroc. Depuis 1998, ces arbres font m\u00eame partie du patrimoine mondial de l&#8217;UNESCO.<\/p>\n<p align=\"left\"><strong>Des ingr\u00e9dients qui font la diff\u00e9rence<\/strong><\/p>\n<p align=\"left\">Cette huile est riche en ingr\u00e9dients naturels tels que la vitamine E, la vitamine A et beaucoup d&#8217;antioxydants. Ses composants sont particuli\u00e8rement pr\u00e9cieux pour la peau et les cheveux en raison de leurs vertus hydratantes. Par cons\u00e9quent, elle est de plus en plus utilis\u00e9e au sein des produits cosm\u00e9tiques. Voici les principaux avantages de l&#8217;huile d&#8217;argan :<\/p>\n<p align=\"left\"><strong>Soin visage et corps<\/strong><\/p>\n<p align=\"left\">Elle pr\u00e9serve l&#8217;hydratation de la peau et a des vertus adoucissantes. Sa forte teneur en vitamine E et divers acides gras font d&#8217;elle le soin parfait pour la peau. Elle est rapidement absorb\u00e9e et peut donc \u00e9galement \u00eatre utilis\u00e9e en soin du visage.<\/p>\n<p align=\"left\"><strong>Soin apr\u00e8s-shampoing<\/strong><\/p>\n<p align=\"left\">L&#8217;huile d&#8217;argan rend les cheveux plus doux et plus brillants. Elle est id\u00e9ale en soin apr\u00e8s-shampoing, surtout pour \u00e9viter les pointes fourchues.<\/p>\n<p align=\"left\"><strong>Produit coiffant<\/strong><\/p>\n<p align=\"left\">L&#8217;huile d&#8217;argan est souvent utilis\u00e9e pour les coiffures, car elle dompte et lisse les cheveux, tout en leur donnant un \u00e9clat sain. Il suffit de verser quelques gouttes d&#8217;huile dans vos paumes de main, de frotter ces derni\u00e8res entre elles et de passer la main dans les cheveux, de mani\u00e8re \u00e0 les &#8220;peigner&#8221; \u00e0 l&#8217;aide de vos doigts.<\/p>\n<p align=\"left\"><strong>Soin anti-\u00e2ge<\/strong><\/p>\n<p align=\"left\">Appliqu\u00e9e r\u00e9guli\u00e8rement, l&#8217;huile d&#8217;argan r\u00e9duit les rides car elle hydrate la peau. Ses antioxydants font d&#8217;elle un parfait soin anti-\u00e2ge. Elle am\u00e9liore \u00e9galement l&#8217;\u00e9lasticit\u00e9 de la peau. Il suffit de masser quelques gouttes d&#8217;huile le soir sur l&#8217;ensemble du visage.<\/p>\n<p align=\"left\"><strong>Pour les peaux s\u00e8ches<\/strong><\/p>\n<p align=\"left\">Les personnes \u00e0 la peau s\u00e8che et sujettes aux probl\u00e8mes associ\u00e9s &#8211; comme les d\u00e9mangeaisons &#8211; peuvent profiter des bienfaits de l&#8217;huile d&#8217;argan. La vitamine E et les acides gras r\u00e9parent et nourrissent la peau ab\u00eem\u00e9e, \u00e9vitant ainsi la s\u00e9cheresse.<\/p>\n<p align=\"left\"><strong>En cas d&#8217;acn\u00e9<\/strong><\/p>\n<p align=\"left\">L&#8217;huile d&#8217;argan apaise la peau et l&#8217;aide \u00e0 gu\u00e9rir. L&#8217;acn\u00e9 est souvent le r\u00e9sultat d&#8217;une peau \u00e0 tendance grasse. L&#8217;huile d&#8217;argan n&#8217;ayant pas d&#8217;action lubrifiante, elle aide la peau \u00e0 retrouver son \u00e9quilibre naturel, tout en l&#8217;hydratant naturellement. Ses ingr\u00e9dients antioxydants aident \u00e0 r\u00e9parer les cellules cutan\u00e9es endommag\u00e9es. Il suffit d&#8217;appliquer un peu d&#8217;huile sur la peau propre et s\u00e8che, le matin au r\u00e9veil et le soir avant le coucher.<\/p>\n<p align=\"left\"><strong>Soin des mains, des pieds et des ongles<\/strong><\/p>\n<p align=\"left\">Les propri\u00e9t\u00e9s adoucissantes de l&#8217;huile sont id\u00e9ales pour les ongles cassants, les mains s\u00e8ches et la peau rugueuse de vos pieds. L&#8217;huile nourrit, hydrate et adoucit la peau, tout en tonifiant les ongles. Quelques gouttes d&#8217;huile \u00e0 masser sur ces zones avant d&#8217;aller au lit suffisent.<\/p>\n<p align=\"left\"><strong>Baume \u00e0 l\u00e8vres<\/strong><\/p>\n<p align=\"left\">L&#8217;huile d&#8217;argan est \u00e9galement un merveilleux soin pour les l\u00e8vres. Une ou deux gouttes suffisent en massage sur les l\u00e8vres &#8211; essuyer le surplus si n\u00e9cessaire. Elle assouplit, adoucit et soigne parfaitement les l\u00e8vres gerc\u00e9es, surtout en hiver !<\/p>\n","protected":false},"excerpt":{"rendered":"<p>Souvent appel\u00e9e &#8220;or liquide&#8221;, l&#8217;huile d&#8217;argan est produite \u00e0 partir des noyaux du fruit de l&#8217;arganier, qui pousse uniquement au Maroc. Depuis 1998, ces arbres font m\u00eame partie du patrimoine mondial de l&#8217;UNESCO. Des ingr\u00e9dients qui font la diff\u00e9rence Cette huile est riche en ingr\u00e9dients naturels tels que la vitamine E, la vitamine A et [&hellip;]<\/p>\n","protected":false},"featured_media":6660,"comment_status":"open","ping_status":"closed","template":"","meta":{"inline_featured_image":false},"product_cat":[258,225],"product_tag":[],"class_list":{"0":"post-6656","1":"product","2":"type-product","3":"status-publish","4":"has-post-thumbnail","6":"product_cat-soins-de-corps","7":"product_cat-soins-de-visage","9":"first","10":"instock","11":"shipping-taxable","12":"purchasable","13":"product-type-simple"},"_links":{"self":[{"href":"https:\/\/argarom.com\/en\/wp-json\/wp\/v2\/product\/6656","targetHints":{"allow":["GET"]}}],"collection":[{"href":"https:\/\/argarom.com\/en\/wp-json\/wp\/v2\/product"}],"about":[{"href":"https:\/\/argarom.com\/en\/wp-json\/wp\/v2\/types\/product"}],"replies":[{"embeddable":true,"href":"https:\/\/argarom.com\/en\/wp-json\/wp\/v2\/comments?post=6656"}],"wp:featuredmedia":[{"embeddable":true,"href":"https:\/\/argarom.com\/en\/wp-json\/wp\/v2\/media\/6660"}],"wp:attachment":[{"href":"https:\/\/argarom.com\/en\/wp-json\/wp\/v2\/media?parent=6656"}],"wp:term":[{"taxonomy":"product_cat","embeddable":true,"href":"https:\/\/argarom.com\/en\/wp-json\/wp\/v2\/product_cat?post=6656"},{"taxonomy":"product_tag","embeddable":true,"href":"https:\/\/argarom.com\/en\/wp-json\/wp\/v2\/product_tag?post=6656"}],"curies":[{"name":"wp","href":"https:\/\/api.w.org\/{rel}","templated":true}]}}